{"id":3438,"date":"2025-03-19T09:09:05","date_gmt":"2025-03-19T14:09:05","guid":{"rendered":"https:\/\/eltarotcomoguia.com\/academia\/?post_type=product&#038;p=3438"},"modified":"2025-10-25T07:46:13","modified_gmt":"2025-10-25T12:46:13","slug":"proteccion-y-limpieza-energetica-nivel-1","status":"publish","type":"product","link":"https:\/\/eltarotcomoguia.com\/academia\/producto\/proteccion-y-limpieza-energetica-nivel-1\/","title":{"rendered":"Protecci\u00f3n y Limpieza Energ\u00e9tica &#8211; Nivel 1"},"content":{"rendered":"<p>\ud83c\udf3f Un viaje hacia la soberan\u00eda energ\u00e9tica: Iniciamos el 26 de abril<\/p>\n<p>Este curso online te sumerge en los misterios de tu potencial ps\u00edquico para desarrollar soberan\u00eda energ\u00e9tica y convertirte en el guardi\u00e1n de tu propia energ\u00eda. Aprender\u00e1s a protegerte de influencias externas e internas, fortaleciendo tu campo energ\u00e9tico y despertando el poder de tu mente. Las clases de contenido son liberadas en las fechas indicadas y tenemos clases semanales de acompa\u00f1amiento por Zoom, foro y taller para integrar los aprendizajes en comunidad. Tendremos grupo de whatsapp tambi\u00e9n.<\/p>\n<p>A trav\u00e9s de pr\u00e1cticas ancestrales, magia ritual, trabajo con cristales y conexi\u00f3n con el Yo Superior, desarrollar\u00e1s herramientas para limpiar, recargar y proteger tu energ\u00eda en todos los niveles.<\/p>\n<p>\ud83d\udcc5 Programa del curso<\/p>\n<p>\ud83d\udd2e ABRIL 26 \u2013 INTRODUCCI\u00d3N<\/p>\n<p>Presentaci\u00f3n del curso<br \/>\n\u00bfDe qu\u00e9 nos protegemos?<\/p>\n<p>\ud83c\udf1f MAYO 3 \u2013 DESARROLLO PS\u00cdQUICO<\/p>\n<p>Sadhana<br \/>\nPr\u00e1cticas recomendadas<br \/>\nClarividencia y otras &#8220;claris&#8221;<\/p>\n<p>\ud83c\udf0c MAYO 10 \u2013 MARCO TE\u00d3RICO PARA EL PRACTICANTE DE MAGIA<\/p>\n<p>Leyes Herm\u00e9ticas<br \/>\nAnatom\u00eda Energ\u00e9tica (Chakras y cuerpos sutiles)<br \/>\nIntroducci\u00f3n a los viajes astrales<\/p>\n<p>\u26a1 MAYO 17 \u2013 TRIPLE ALMA<\/p>\n<p>Introducci\u00f3n a los caminantes y la triple alma<br \/>\nYo Ancestral<br \/>\nYo Superior<br \/>\nInteligencia Unificada<\/p>\n<p>\ud83d\udd0b MAYO 31 \u2013 DESCARGA Y RECARGA ENERG\u00c9TICA<\/p>\n<p>Polo a tierra<br \/>\nPrana Nidra<br \/>\nMeditaci\u00f3n de reclamo energ\u00e9tico<\/p>\n<p>\ud83c\udf3f JUNIO 7 \u2013 BA\u00d1OS ENERG\u00c9TICOS<\/p>\n<p>Ba\u00f1o b\u00e1sico con sal marina<br \/>\n7 Hierbas Amargas y 7 Hierbas Dulces<\/p>\n<p>\ud83d\udc8e JUNIO 14 \u2013 CRISTALES<\/p>\n<p>Cristales de protecci\u00f3n<br \/>\nActivaci\u00f3n y limpieza de cristales<\/p>\n<p>\ud83d\udd2e JUNIO 21 \u2013 INTRODUCCI\u00d3N AL P\u00c9NDULO<\/p>\n<p>Programando tu p\u00e9ndulo<br \/>\nLimpieza y protecci\u00f3n con Yo Superior usando p\u00e9ndulo<\/p>\n<p>\ud83d\udd25 JUNIO 28 \u2013 INTRODUCCI\u00d3N A LA MAGIA RITUAL<\/p>\n<p>Consideraciones para un ritual<br \/>\nFuerzas elementales y planetarias<br \/>\nCruz Cabal\u00edstica<br \/>\nRitual Menor del Pentagrama<\/p>\n<p>\ud83d\udee1\ufe0f JULIO 5 \u2013 AMULETOS<\/p>\n<p>Amuletos de protecci\u00f3n<br \/>\nRitual de activaci\u00f3n<\/p>\n<p>\ud83d\udd6f\ufe0f JULIO 12 \u2013 LIMPIEZA CON VELA BLANCA Y NEGRA<\/p>\n<p>Instrucciones y ejecuci\u00f3n del ritual con velas<\/p>\n<p>\ud83d\udc7c JULIO 20 \u2013 \u00c1RCANGEL MIGUEL Y CIERRE DEL CURSO<\/p>\n<p>Protecci\u00f3n y destierro de energ\u00edas con San Miguel Arc\u00e1ngel<br \/>\nClase de despedida<br \/>\nAutoevaluaci\u00f3n<\/p>\n<p>\ud83c\udf1f Tu energ\u00eda es sagrada. Aprende a protegerla y fortalecerla.<br \/>\n\u2728 Reserva tu cupo y comienza este viaje de transformaci\u00f3n.<\/p>\n","protected":false},"excerpt":{"rendered":"<p>\ud83c\udf1f Protecci\u00f3n y Limpieza Energ\u00e9tica \u2013 Nivel 1 \ud83c\udf1f<\/p>\n<p>Convi\u00e9rtete en el guardi\u00e1n de tu propia energ\u00eda<\/p>\n<p>Este curso online te gu\u00eda en el despertar de tu potencial ps\u00edquico, ayud\u00e1ndote a desarrollar soberan\u00eda energ\u00e9tica para protegerte de influencias negativas y fortalecer tu bienestar en todos los niveles. A trav\u00e9s de pr\u00e1cticas ancestrales y conocimiento esot\u00e9rico, aprender\u00e1s a reconocer, equilibrar y fortalecer tu campo energ\u00e9tico, conect\u00e1ndote con tu Yo Superior y tomando el control de tu poder interior. Las clases de contenido son liberadas en las fechas indicadas y tenemos clases semanales de acompa\u00f1amiento por Zoom, foro y taller para integrar los aprendizajes en comunidad. Tendremos grupo de whatsapp tambi\u00e9n.<\/p>\n<p>\ud83d\udd2e \u00bfQu\u00e9 aprender\u00e1s en este curso?<br \/>\n\u2728 T\u00e9cnicas de desarrollo ps\u00edquico: clarividencia, percepci\u00f3n sutil y pr\u00e1cticas recomendadas<br \/>\n\ud83c\udf00 Anatom\u00eda energ\u00e9tica y leyes herm\u00e9ticas para entender el flujo de la energ\u00eda<br \/>\n\ud83d\udc8e Programaci\u00f3n, activaci\u00f3n y uso de cristales de protecci\u00f3n<br \/>\n\ud83d\udd25 Rituales poderosos para limpieza y protecci\u00f3n personal<br \/>\n\ud83c\udf3f Ba\u00f1os energ\u00e9ticos con sal marina y hierbas<br \/>\n\ud83d\udd2e Uso del p\u00e9ndulo para conexi\u00f3n con el Yo Superior y protecci\u00f3n<br \/>\n\ud83d\udd6f\ufe0f Magia ritual: fuerzas elementales, cruz cabal\u00edstica y ritual menor del pentagrama<br \/>\n\ud83d\udee1\ufe0f Creaci\u00f3n y activaci\u00f3n de amuletos protectores<br \/>\n\ud83d\udc7c Protecci\u00f3n y destierro de energ\u00edas con San Miguel Arc\u00e1ngel<\/p>\n<p>No necesitas experiencia previa, solo apertura y compromiso con tu evoluci\u00f3n.<\/p>\n<p>\ud83c\udf1f Tu energ\u00eda es sagrada. Aprende a cuidarla y fortalecerla.<\/p>\n<p>\ud83d\udc49 \u00a1Inscr\u00edbete ahora y empieza a transformar tu vida desde la energ\u00eda!<\/p>\n","protected":false},"featured_media":3439,"comment_status":"open","ping_status":"closed","template":"","meta":[],"product_brand":[],"product_cat":[21],"product_tag":[],"class_list":{"0":"post-3438","1":"product","2":"type-product","3":"status-publish","4":"has-post-thumbnail","6":"product_cat-sin-categorizar","8":"first","9":"instock","10":"shipping-taxable","11":"purchasable","12":"product-type-simple"},"_links":{"self":[{"href":"https:\/\/eltarotcomoguia.com\/academia\/wp-json\/wp\/v2\/product\/3438","targetHints":{"allow":["GET"]}}],"collection":[{"href":"https:\/\/eltarotcomoguia.com\/academia\/wp-json\/wp\/v2\/product"}],"about":[{"href":"https:\/\/eltarotcomoguia.com\/academia\/wp-json\/wp\/v2\/types\/product"}],"replies":[{"embeddable":true,"href":"https:\/\/eltarotcomoguia.com\/academia\/wp-json\/wp\/v2\/comments?post=3438"}],"wp:featuredmedia":[{"embeddable":true,"href":"https:\/\/eltarotcomoguia.com\/academia\/wp-json\/wp\/v2\/media\/3439"}],"wp:attachment":[{"href":"https:\/\/eltarotcomoguia.com\/academia\/wp-json\/wp\/v2\/media?parent=3438"}],"wp:term":[{"taxonomy":"product_brand","embeddable":true,"href":"https:\/\/eltarotcomoguia.com\/academia\/wp-json\/wp\/v2\/product_brand?post=3438"},{"taxonomy":"product_cat","embeddable":true,"href":"https:\/\/eltarotcomoguia.com\/academia\/wp-json\/wp\/v2\/product_cat?post=3438"},{"taxonomy":"product_tag","embeddable":true,"href":"https:\/\/eltarotcomoguia.com\/academia\/wp-json\/wp\/v2\/product_tag?post=3438"}],"curies":[{"name":"wp","href":"https:\/\/api.w.org\/{rel}","templated":true}]}}