{"id":2287,"date":"2023-08-30T16:22:10","date_gmt":"2023-08-30T21:22:10","guid":{"rendered":"https:\/\/eltarotcomoguia.com\/academia\/?post_type=product&#038;p=2287"},"modified":"2025-04-07T08:20:34","modified_gmt":"2025-04-07T13:20:34","slug":"arcanosmayores","status":"publish","type":"product","link":"https:\/\/eltarotcomoguia.com\/academia\/producto\/arcanosmayores\/","title":{"rendered":"Arcanos Mayores: Tarot Profundo"},"content":{"rendered":"<p>&#8220;Tarot Profundo: Arcanos Mayores&#8221; es un curso dise\u00f1ado para explorar a fondo los misterios simb\u00f3licos, espirituales y pr\u00e1cticos de los arcanos mayores. A trav\u00e9s de m\u00f3dulos cuidadosamente estructurados, te sumergir\u00e1s en la m\u00edstica occidental, desde la Kabbalah y la alquimia hasta el viaje del h\u00e9roe de Campbell. Conocer\u00e1s el Tableau como herramienta de estudio, junto con un an\u00e1lisis profundo de los arcanos desde El Loco hasta El Mundo.<\/p>\n<p>El curso abarca la interpretaci\u00f3n de las potencias, agencias y efectos de los arcanos, con enfoques en combinaciones, tiradas y lecturas intuitivas. Adem\u00e1s, incluye pr\u00e1cticas m\u00e1gicas y rituales para integrar el tarot en procesos espirituales y transformadores. Ideal para quienes desean desarrollar una conexi\u00f3n simb\u00f3lica y pr\u00e1ctica con los arcanos mayores, combinando t\u00e9cnica, intuici\u00f3n y tradici\u00f3n esot\u00e9rica. Encuentros bimensuales para dudas y pr\u00e1cticas.<\/p>\n<p>PROGRAMA<\/p>\n<p>Introducci\u00f3n<br \/>\n2 Lecciones<\/p>\n<p>    Presentaci\u00f3n del Curso<br \/>\n    \u00c9tica<\/p>\n<p>Arcanos Mayores y m\u00edstica occidental<br \/>\n3 Lecciones<\/p>\n<p>    M\u00edstica Occidental: Kabbalah<br \/>\n    M\u00edstica Occidental: Alquimia<br \/>\n    El viaje del H\u00e9roe<\/p>\n<p>Introducci\u00f3n al Tableau<br \/>\n2 Lecciones<\/p>\n<p>    Arcanos Mayores vs Menores<br \/>\n    Qu\u00e9 es el Tableau y c\u00f3mo estudiarlo<\/p>\n<p>Ain Sof: El Loco, Arcano 0<br \/>\n1 Lecci\u00f3n<\/p>\n<p>    Arcano 0: El Loco<\/p>\n<p>Arcanos 1 a 7: Las Potencias<br \/>\n7 Lecciones<\/p>\n<p>    1 \u2013 El Mago<br \/>\n    2 \u2013 La Sacerdotisa<br \/>\n    3 \u2013 La Emperatriz<br \/>\n    4 \u2013 El Emperador<br \/>\n    5 \u2013 El Gur\u00fa (El Hierofante)<br \/>\n    6 \u2013 El Enamorado<br \/>\n    7 \u2013 El Carro<\/p>\n<p>Arcanos 8 a 14: Las Agencias<br \/>\n7 Lecciones<\/p>\n<p>    8 \u2013 La Integraci\u00f3n (La Fuerza)<br \/>\n    9 \u2013 La Ermita\u00f1a (El Ermita\u00f1o)<br \/>\n    10 \u2013 La Rueda de la Fortuna<br \/>\n    11 \u2013 La Justicia<br \/>\n    12 \u2013 El Colgado<br \/>\n    13 \u2013 La Muerte<br \/>\n    14 \u2013 La Templanza<\/p>\n<p>Arcanos 15 a 21: Los Efectos<br \/>\n7 Lecciones<\/p>\n<p>    15 \u2013 La Sombra (El Diablo)<br \/>\n    16 \u2013 La Torre<br \/>\n    17 \u2013 La Estrella<br \/>\n    18 \u2013 La Luna<br \/>\n    19 \u2013 El Sol<br \/>\n    20 \u2013 El Juicio<br \/>\n    21 \u2013 El Mundo<\/p>\n<p>Tableau extendido<br \/>\n1 Lecci\u00f3n<\/p>\n<p>    Tableau<\/p>\n<p>Lecturas con Arcanos Mayores<br \/>\n3 Lecciones<\/p>\n<p>    Desarrollo Intuitivo<br \/>\n    Combinaciones<br \/>\n    Tiradas<\/p>\n<p>Magia y usos rituales<br \/>\n1 Lecci\u00f3n<\/p>\n<p>    Pr\u00e1ctica magika con el tarot<\/p>\n","protected":false},"excerpt":{"rendered":"<p>&#8220;Arcanos Mayores: Tarot Profundo&#8221; es un viaje apasionante hacia el mundo m\u00edstico y simb\u00f3lico de los arcanos mayores del tarot con enfasis en v\u00eda espiritual y Liberaci\u00f3n. Dise\u00f1ado tanto para principiantes como para aquellos con experiencia previa en el tarot, este curso te sumergir\u00e1 en el significado, la interpretaci\u00f3n y el poder transformador de las cartas m\u00e1s enigm\u00e1ticas y poderosas del mazo desde lo simbolico, lo alquimico y lo cabal\u00edstico. Durante este curso de 4 meses, te embarcar\u00e1s en un emocionante viaje de autoconocimiento, desarrollo de la intuici\u00f3n y conexi\u00f3n espiritual a trav\u00e9s de los 22 arcanos mayores. Cada arcano ser\u00e1 explorado en profundidad, desentra\u00f1ando su simbolismo, sus asociaciones astrol\u00f3gicas, numerol\u00f3gicas, cabal\u00edsticas y alqu\u00edmicas, as\u00ed como sus implicaciones en lecturas pr\u00e1cticas. Aprender\u00e1s a entender c\u00f3mo los arcanos mayores interact\u00faan entre s\u00ed tambi\u00e9n, para que puedas hilar narrativas \u00fanicas en cada lectura por tus propios medios y aprender\u00e1s a usar las cartas en rituales.Tendremos encuentros bimensuales pro zoom a acordar con disponibilidades del grupo.<\/p>\n","protected":false},"featured_media":3121,"comment_status":"open","ping_status":"closed","template":"","meta":[],"product_brand":[],"product_cat":[21],"product_tag":[],"class_list":{"0":"post-2287","1":"product","2":"type-product","3":"status-publish","4":"has-post-thumbnail","6":"product_cat-sin-categorizar","8":"first","9":"instock","10":"shipping-taxable","11":"purchasable","12":"product-type-simple"},"_links":{"self":[{"href":"https:\/\/eltarotcomoguia.com\/academia\/wp-json\/wp\/v2\/product\/2287","targetHints":{"allow":["GET"]}}],"collection":[{"href":"https:\/\/eltarotcomoguia.com\/academia\/wp-json\/wp\/v2\/product"}],"about":[{"href":"https:\/\/eltarotcomoguia.com\/academia\/wp-json\/wp\/v2\/types\/product"}],"replies":[{"embeddable":true,"href":"https:\/\/eltarotcomoguia.com\/academia\/wp-json\/wp\/v2\/comments?post=2287"}],"wp:featuredmedia":[{"embeddable":true,"href":"https:\/\/eltarotcomoguia.com\/academia\/wp-json\/wp\/v2\/media\/3121"}],"wp:attachment":[{"href":"https:\/\/eltarotcomoguia.com\/academia\/wp-json\/wp\/v2\/media?parent=2287"}],"wp:term":[{"taxonomy":"product_brand","embeddable":true,"href":"https:\/\/eltarotcomoguia.com\/academia\/wp-json\/wp\/v2\/product_brand?post=2287"},{"taxonomy":"product_cat","embeddable":true,"href":"https:\/\/eltarotcomoguia.com\/academia\/wp-json\/wp\/v2\/product_cat?post=2287"},{"taxonomy":"product_tag","embeddable":true,"href":"https:\/\/eltarotcomoguia.com\/academia\/wp-json\/wp\/v2\/product_tag?post=2287"}],"curies":[{"name":"wp","href":"https:\/\/api.w.org\/{rel}","templated":true}]}}